{"id":5666763,"date":"2024-05-14T23:21:00","date_gmt":"2024-05-14T21:21:00","guid":{"rendered":"https:\/\/tartesdumonde.be\/?post_type=product&#038;p=5666763"},"modified":"2026-04-01T19:43:00","modified_gmt":"2026-04-01T17:43:00","slug":"paris-naples-a-la-pistache-italienne","status":"publish","type":"product","link":"https:\/\/tartesdumonde.be\/index.php\/product\/paris-naples-a-la-pistache-italienne\/","title":{"rendered":"Citron Kalamansi"},"content":{"rendered":"<p>P\u00e2te sucr\u00e9e , cr\u00e9meux citron kalamansi, meringues<\/p>\n<p>allergenes : gluten, lait, oeuf, fruits \u00e0 coque<\/p>\n","protected":false},"excerpt":{"rendered":"<p>P\u00e2te sucr\u00e9e , cr\u00e9meux citron kalamansi, meringues allergenes : gluten, lait, oeuf, fruits \u00e0&#8230;<\/p>\n","protected":false},"featured_media":5666979,"template":"","meta":{"spay_email":""},"product_cat":[19],"product_tag":[],"_links":{"self":[{"href":"https:\/\/tartesdumonde.be\/index.php\/wp-json\/wp\/v2\/product\/5666763"}],"collection":[{"href":"https:\/\/tartesdumonde.be\/index.php\/wp-json\/wp\/v2\/product"}],"about":[{"href":"https:\/\/tartesdumonde.be\/index.php\/wp-json\/wp\/v2\/types\/product"}],"wp:featuredmedia":[{"embeddable":true,"href":"https:\/\/tartesdumonde.be\/index.php\/wp-json\/wp\/v2\/media\/5666979"}],"wp:attachment":[{"href":"https:\/\/tartesdumonde.be\/index.php\/wp-json\/wp\/v2\/media?parent=5666763"}],"wp:term":[{"taxonomy":"product_cat","embeddable":true,"href":"https:\/\/tartesdumonde.be\/index.php\/wp-json\/wp\/v2\/product_cat?post=5666763"},{"taxonomy":"product_tag","embeddable":true,"href":"https:\/\/tartesdumonde.be\/index.php\/wp-json\/wp\/v2\/product_tag?post=5666763"}],"curies":[{"name":"wp","href":"https:\/\/api.w.org\/{rel}","templated":true}]}}