{"id":5666747,"date":"2024-05-13T10:45:11","date_gmt":"2024-05-13T08:45:11","guid":{"rendered":"https:\/\/tartesdumonde.be\/?post_type=product&#038;p=5666747"},"modified":"2025-12-06T19:41:46","modified_gmt":"2025-12-06T18:41:46","slug":"sakura","status":"publish","type":"product","link":"https:\/\/tartesdumonde.be\/index.php\/product\/sakura\/","title":{"rendered":"Flan parisien 4\/6pers"},"content":{"rendered":"<p>Pr\u00e9paration \u00e0 flan, p\u00e2te feuillet\u00e9e maison<br \/>\nAllerg\u00e8nes : lactose, gluten, oeuf<\/p>\n","protected":false},"excerpt":{"rendered":"<p>Pr\u00e9paration \u00e0 flan, p\u00e2te feuillet\u00e9e maison Allerg\u00e8nes : lactose, gluten, oeuf<\/p>\n","protected":false},"featured_media":5666948,"template":"","meta":{"spay_email":""},"product_cat":[19],"product_tag":[],"_links":{"self":[{"href":"https:\/\/tartesdumonde.be\/index.php\/wp-json\/wp\/v2\/product\/5666747"}],"collection":[{"href":"https:\/\/tartesdumonde.be\/index.php\/wp-json\/wp\/v2\/product"}],"about":[{"href":"https:\/\/tartesdumonde.be\/index.php\/wp-json\/wp\/v2\/types\/product"}],"wp:featuredmedia":[{"embeddable":true,"href":"https:\/\/tartesdumonde.be\/index.php\/wp-json\/wp\/v2\/media\/5666948"}],"wp:attachment":[{"href":"https:\/\/tartesdumonde.be\/index.php\/wp-json\/wp\/v2\/media?parent=5666747"}],"wp:term":[{"taxonomy":"product_cat","embeddable":true,"href":"https:\/\/tartesdumonde.be\/index.php\/wp-json\/wp\/v2\/product_cat?post=5666747"},{"taxonomy":"product_tag","embeddable":true,"href":"https:\/\/tartesdumonde.be\/index.php\/wp-json\/wp\/v2\/product_tag?post=5666747"}],"curies":[{"name":"wp","href":"https:\/\/api.w.org\/{rel}","templated":true}]}}