{"id":5666273,"date":"2021-06-11T15:23:44","date_gmt":"2021-06-11T13:23:44","guid":{"rendered":"https:\/\/tartesdumonde.be\/?post_type=product&#038;p=5666273"},"modified":"2025-12-10T13:39:12","modified_gmt":"2025-12-10T12:39:12","slug":"truite-fumee-algues-nori-et-epices-japonaises","status":"publish","type":"product","link":"https:\/\/tartesdumonde.be\/index.php\/product\/truite-fumee-algues-nori-et-epices-japonaises\/","title":{"rendered":"Nocciolate &#8211; 6\/8pers (non dispo \u00e0 partir du 20\/12)"},"content":{"rendered":"<p>Sabl\u00e9 breton, croustillant chocolat, mousse Gianduja, insert cremeux vanille, gla\u00e7age chocolat, noisettes fra\u00eeches.<\/p>\n<p>Allerg\u00e8nes: gluten, \u0153uf, soja, fruits \u00e0 coque, lactose<\/p>\n","protected":false},"excerpt":{"rendered":"<p>Sabl\u00e9 breton, croustillant chocolat, mousse Gianduja, insert cremeux vanille, gla\u00e7age chocolat, noisettes fra\u00eeches. Allerg\u00e8nes:&#8230;<\/p>\n","protected":false},"featured_media":5666896,"template":"","meta":{"spay_email":""},"product_cat":[19],"product_tag":[],"_links":{"self":[{"href":"https:\/\/tartesdumonde.be\/index.php\/wp-json\/wp\/v2\/product\/5666273"}],"collection":[{"href":"https:\/\/tartesdumonde.be\/index.php\/wp-json\/wp\/v2\/product"}],"about":[{"href":"https:\/\/tartesdumonde.be\/index.php\/wp-json\/wp\/v2\/types\/product"}],"wp:featuredmedia":[{"embeddable":true,"href":"https:\/\/tartesdumonde.be\/index.php\/wp-json\/wp\/v2\/media\/5666896"}],"wp:attachment":[{"href":"https:\/\/tartesdumonde.be\/index.php\/wp-json\/wp\/v2\/media?parent=5666273"}],"wp:term":[{"taxonomy":"product_cat","embeddable":true,"href":"https:\/\/tartesdumonde.be\/index.php\/wp-json\/wp\/v2\/product_cat?post=5666273"},{"taxonomy":"product_tag","embeddable":true,"href":"https:\/\/tartesdumonde.be\/index.php\/wp-json\/wp\/v2\/product_tag?post=5666273"}],"curies":[{"name":"wp","href":"https:\/\/api.w.org\/{rel}","templated":true}]}}