{"id":5666253,"date":"2021-06-11T14:47:46","date_gmt":"2021-06-11T12:47:46","guid":{"rendered":"https:\/\/tartesdumonde.be\/?post_type=product&#038;p=5666253"},"modified":"2025-03-23T19:10:22","modified_gmt":"2025-03-23T18:10:22","slug":"bbq-thai","status":"publish","type":"product","link":"https:\/\/tartesdumonde.be\/index.php\/product\/bbq-thai\/","title":{"rendered":"BBQ Thai"},"content":{"rendered":"<p>p\u00e2te bris\u00e9 patate douce, poulet, coriandre, paprika fum\u00e9, fromage rap\u00e9<br \/>\nAllerg\u00e8nes: oeuf, gluten, lactose<\/p>\n","protected":false},"excerpt":{"rendered":"<p>p\u00e2te bris\u00e9 patate douce, poulet, coriandre, paprika fum\u00e9, fromage rap\u00e9 Allerg\u00e8nes: oeuf, gluten, lactose<\/p>\n","protected":false},"featured_media":5666907,"template":"","meta":{"spay_email":""},"product_cat":[35],"product_tag":[],"_links":{"self":[{"href":"https:\/\/tartesdumonde.be\/index.php\/wp-json\/wp\/v2\/product\/5666253"}],"collection":[{"href":"https:\/\/tartesdumonde.be\/index.php\/wp-json\/wp\/v2\/product"}],"about":[{"href":"https:\/\/tartesdumonde.be\/index.php\/wp-json\/wp\/v2\/types\/product"}],"wp:featuredmedia":[{"embeddable":true,"href":"https:\/\/tartesdumonde.be\/index.php\/wp-json\/wp\/v2\/media\/5666907"}],"wp:attachment":[{"href":"https:\/\/tartesdumonde.be\/index.php\/wp-json\/wp\/v2\/media?parent=5666253"}],"wp:term":[{"taxonomy":"product_cat","embeddable":true,"href":"https:\/\/tartesdumonde.be\/index.php\/wp-json\/wp\/v2\/product_cat?post=5666253"},{"taxonomy":"product_tag","embeddable":true,"href":"https:\/\/tartesdumonde.be\/index.php\/wp-json\/wp\/v2\/product_tag?post=5666253"}],"curies":[{"name":"wp","href":"https:\/\/api.w.org\/{rel}","templated":true}]}}