{"id":5666247,"date":"2021-06-11T14:36:41","date_gmt":"2021-06-11T12:36:41","guid":{"rendered":"https:\/\/tartesdumonde.be\/?post_type=product&#038;p=5666247"},"modified":"2025-03-23T18:58:00","modified_gmt":"2025-03-23T17:58:00","slug":"pecan","status":"publish","type":"product","link":"https:\/\/tartesdumonde.be\/index.php\/product\/pecan\/","title":{"rendered":"Pecan pie  4\/6pers"},"content":{"rendered":"<p>Flaky crust \u00e0 la cannelle, cr\u00e9meux cassonade, noix de pecan<\/p>\n<p>Allerg\u00e8nes : gluten (bl\u00e9), produits laitiers, oeufs.<\/p>\n<p>&nbsp;<\/p>\n","protected":false},"excerpt":{"rendered":"<p>Flaky crust \u00e0 la cannelle, cr\u00e9meux cassonade, noix de pecan Allerg\u00e8nes : gluten (bl\u00e9),&#8230;<\/p>\n","protected":false},"featured_media":5666895,"template":"","meta":{"spay_email":""},"product_cat":[19],"product_tag":[],"_links":{"self":[{"href":"https:\/\/tartesdumonde.be\/index.php\/wp-json\/wp\/v2\/product\/5666247"}],"collection":[{"href":"https:\/\/tartesdumonde.be\/index.php\/wp-json\/wp\/v2\/product"}],"about":[{"href":"https:\/\/tartesdumonde.be\/index.php\/wp-json\/wp\/v2\/types\/product"}],"wp:featuredmedia":[{"embeddable":true,"href":"https:\/\/tartesdumonde.be\/index.php\/wp-json\/wp\/v2\/media\/5666895"}],"wp:attachment":[{"href":"https:\/\/tartesdumonde.be\/index.php\/wp-json\/wp\/v2\/media?parent=5666247"}],"wp:term":[{"taxonomy":"product_cat","embeddable":true,"href":"https:\/\/tartesdumonde.be\/index.php\/wp-json\/wp\/v2\/product_cat?post=5666247"},{"taxonomy":"product_tag","embeddable":true,"href":"https:\/\/tartesdumonde.be\/index.php\/wp-json\/wp\/v2\/product_tag?post=5666247"}],"curies":[{"name":"wp","href":"https:\/\/api.w.org\/{rel}","templated":true}]}}