{"id":5666241,"date":"2021-06-11T14:31:47","date_gmt":"2021-06-11T12:31:47","guid":{"rendered":"https:\/\/tartesdumonde.be\/?post_type=product&#038;p=5666241"},"modified":"2025-03-23T19:06:40","modified_gmt":"2025-03-23T18:06:40","slug":"spanakopita-tarte-grecque-epinard-feta","status":"publish","type":"product","link":"https:\/\/tartesdumonde.be\/index.php\/product\/spanakopita-tarte-grecque-epinard-feta\/","title":{"rendered":"Spanakopita Tarte Grecque Epinard\/Feta"},"content":{"rendered":"<p>p\u00e2te feuillet\u00e9e, \u00e9pinard, f\u00e9ta, herbes grecques, p\u00e2te filo<\/p>\n","protected":false},"excerpt":{"rendered":"<p>p\u00e2te feuillet\u00e9e, \u00e9pinard, f\u00e9ta, herbes grecques, p\u00e2te filo<\/p>\n","protected":false},"featured_media":5666906,"template":"","meta":{"spay_email":""},"product_cat":[35],"product_tag":[],"_links":{"self":[{"href":"https:\/\/tartesdumonde.be\/index.php\/wp-json\/wp\/v2\/product\/5666241"}],"collection":[{"href":"https:\/\/tartesdumonde.be\/index.php\/wp-json\/wp\/v2\/product"}],"about":[{"href":"https:\/\/tartesdumonde.be\/index.php\/wp-json\/wp\/v2\/types\/product"}],"wp:featuredmedia":[{"embeddable":true,"href":"https:\/\/tartesdumonde.be\/index.php\/wp-json\/wp\/v2\/media\/5666906"}],"wp:attachment":[{"href":"https:\/\/tartesdumonde.be\/index.php\/wp-json\/wp\/v2\/media?parent=5666241"}],"wp:term":[{"taxonomy":"product_cat","embeddable":true,"href":"https:\/\/tartesdumonde.be\/index.php\/wp-json\/wp\/v2\/product_cat?post=5666241"},{"taxonomy":"product_tag","embeddable":true,"href":"https:\/\/tartesdumonde.be\/index.php\/wp-json\/wp\/v2\/product_tag?post=5666241"}],"curies":[{"name":"wp","href":"https:\/\/api.w.org\/{rel}","templated":true}]}}